{"id":2710,"date":"2026-04-28T15:39:11","date_gmt":"2026-04-28T18:39:11","guid":{"rendered":"https:\/\/guiarotasdobrasil.com.br\/new\/?page_id=2710"},"modified":"2026-04-28T17:42:27","modified_gmt":"2026-04-28T20:42:27","slug":"sobre-o-guia","status":"publish","type":"page","link":"https:\/\/guiarotasdobrasil.com.br\/new\/sobre-o-guia\/","title":{"rendered":"Sobre o Guia"},"content":{"rendered":"\t\t<div data-elementor-type=\"wp-page\" data-elementor-id=\"2710\" class=\"elementor elementor-2710\" data-elementor-post-type=\"page\">\n\t\t\t\t<div class=\"elementor-element elementor-element-9906676 e-flex e-con-boxed e-con e-parent\" data-id=\"9906676\" data-element_type=\"container\" data-e-type=\"container\" data-settings=\"{&quot;background_background&quot;:&quot;slideshow&quot;,&quot;background_slideshow_gallery&quot;:[{&quot;id&quot;:824,&quot;url&quot;:&quot;https:\\\/\\\/guiarotasdobrasil.com.br\\\/new\\\/wp-content\\\/uploads\\\/jet-engine-forms\\\/5\\\/2025\\\/01\\\/apartamento-5-1.jpg&quot;}],&quot;background_slideshow_ken_burns&quot;:&quot;yes&quot;,&quot;background_slideshow_loop&quot;:&quot;yes&quot;,&quot;background_slideshow_slide_duration&quot;:5000,&quot;background_slideshow_slide_transition&quot;:&quot;fade&quot;,&quot;background_slideshow_transition_duration&quot;:500,&quot;background_slideshow_ken_burns_zoom_direction&quot;:&quot;in&quot;}\">\n\t\t\t\t\t<div class=\"e-con-inner\">\n\t\t\t\t<div class=\"elementor-element elementor-element-25c3539 elementor-widget elementor-widget-heading\" data-id=\"25c3539\" data-element_type=\"widget\" data-e-type=\"widget\" data-widget_type=\"heading.default\">\n\t\t\t\t<div class=\"elementor-widget-container\">\n\t\t\t\t\t<h1 class=\"elementor-heading-title elementor-size-default\">Sobre o Guia<\/h1>\t\t\t\t<\/div>\n\t\t\t\t<\/div>\n\t\t\t\t\t<\/div>\n\t\t\t\t<\/div>\n\t\t<div class=\"elementor-element elementor-element-bde6594 e-flex e-con-boxed e-con e-parent\" data-id=\"bde6594\" data-element_type=\"container\" data-e-type=\"container\" data-settings=\"{&quot;background_background&quot;:&quot;gradient&quot;}\">\n\t\t\t\t\t<div class=\"e-con-inner\">\n\t\t<div class=\"elementor-element elementor-element-8dc98ed e-con-full e-flex e-con e-child\" data-id=\"8dc98ed\" data-element_type=\"container\" data-e-type=\"container\">\n\t\t\t\t<div class=\"elementor-element elementor-element-06dae18 elementor-widget__width-inherit elementor-widget-mobile__width-inherit elementor-widget elementor-widget-image\" data-id=\"06dae18\" data-element_type=\"widget\" data-e-type=\"widget\" data-widget_type=\"image.default\">\n\t\t\t\t<div class=\"elementor-widget-container\">\n\t\t\t\t\t\t\t\t\t\t\t\t\t\t\t<img fetchpriority=\"high\" decoding=\"async\" width=\"705\" height=\"470\" src=\"https:\/\/guiarotasdobrasil.com.br\/new\/wp-content\/uploads\/jet-engine-forms\/5\/2025\/01\/apartamento-5.jpg\" class=\"attachment-full size-full wp-image-811\" alt=\"\" srcset=\"https:\/\/guiarotasdobrasil.com.br\/new\/wp-content\/uploads\/jet-engine-forms\/5\/2025\/01\/apartamento-5.jpg.webp 705w, https:\/\/guiarotasdobrasil.com.br\/new\/wp-content\/uploads\/jet-engine-forms\/5\/2025\/01\/apartamento-5-300x200.jpg.webp 300w\" sizes=\"(max-width: 705px) 100vw, 705px\" \/>\t\t\t\t\t\t\t\t\t\t\t\t\t\t\t<\/div>\n\t\t\t\t<\/div>\n\t\t\t\t<div class=\"elementor-element elementor-element-332c394 elementor-widget__width-inherit elementor-widget elementor-widget-text-editor\" data-id=\"332c394\" data-element_type=\"widget\" data-e-type=\"widget\" data-widget_type=\"text-editor.default\">\n\t\t\t\t<div class=\"elementor-widget-container\">\n\t\t\t\t\t\t\t\t\t<p>Nosso prop\u00f3sito<\/p>\t\t\t\t\t\t\t\t<\/div>\n\t\t\t\t<\/div>\n\t\t\t\t<div class=\"elementor-element elementor-element-0a5000d elementor-widget elementor-widget-text-editor\" data-id=\"0a5000d\" data-element_type=\"widget\" data-e-type=\"widget\" data-widget_type=\"text-editor.default\">\n\t\t\t\t<div class=\"elementor-widget-container\">\n\t\t\t\t\t\t\t\t\t<p>Desbravar novos caminhos no turismo brasileiro, conectando o turista a experi\u00eancias reais e ajudando cidades a se posicionarem de forma clara, acess\u00edvel e atrativa.<\/p>\t\t\t\t\t\t\t\t<\/div>\n\t\t\t\t<\/div>\n\t\t\t\t<div class=\"elementor-element elementor-element-b182d91 elementor-widget-divider--view-line elementor-widget elementor-widget-divider\" data-id=\"b182d91\" data-element_type=\"widget\" data-e-type=\"widget\" data-widget_type=\"divider.default\">\n\t\t\t\t<div class=\"elementor-widget-container\">\n\t\t\t\t\t\t\t<div class=\"elementor-divider\">\n\t\t\t<span class=\"elementor-divider-separator\">\n\t\t\t\t\t\t<\/span>\n\t\t<\/div>\n\t\t\t\t\t\t<\/div>\n\t\t\t\t<\/div>\n\t\t\t\t<div class=\"elementor-element elementor-element-daacb32 elementor-widget__width-inherit elementor-widget elementor-widget-text-editor\" data-id=\"daacb32\" data-element_type=\"widget\" data-e-type=\"widget\" data-widget_type=\"text-editor.default\">\n\t\t\t\t<div class=\"elementor-widget-container\">\n\t\t\t\t\t\t\t\t\t<p>Nosso compromisso<\/p>\t\t\t\t\t\t\t\t<\/div>\n\t\t\t\t<\/div>\n\t\t\t\t<div class=\"elementor-element elementor-element-032cda1 elementor-widget elementor-widget-text-editor\" data-id=\"032cda1\" data-element_type=\"widget\" data-e-type=\"widget\" data-widget_type=\"text-editor.default\">\n\t\t\t\t<div class=\"elementor-widget-container\">\n\t\t\t\t\t\t\t\t\t<p>Conectar pessoas a experi\u00eancias reais, fortalecer o com\u00e9rcio local e contribuir para um turismo mais sustent\u00e1vel, organizado e acess\u00edvel.<\/p>\t\t\t\t\t\t\t\t<\/div>\n\t\t\t\t<\/div>\n\t\t\t\t<\/div>\n\t\t<div class=\"elementor-element elementor-element-85c0dac e-con-full e-flex e-con e-child\" data-id=\"85c0dac\" data-element_type=\"container\" data-e-type=\"container\">\n\t\t\t\t<div class=\"elementor-element elementor-element-fb5637a elementor-widget elementor-widget-text-editor\" data-id=\"fb5637a\" data-element_type=\"widget\" data-e-type=\"widget\" data-widget_type=\"text-editor.default\">\n\t\t\t\t<div class=\"elementor-widget-container\">\n\t\t\t\t\t\t\t\t\t<p>sobre o<\/p>\t\t\t\t\t\t\t\t<\/div>\n\t\t\t\t<\/div>\n\t\t\t\t<div class=\"elementor-element elementor-element-499a9e6 elementor-widget elementor-widget-text-editor\" data-id=\"499a9e6\" data-element_type=\"widget\" data-e-type=\"widget\" data-widget_type=\"text-editor.default\">\n\t\t\t\t<div class=\"elementor-widget-container\">\n\t\t\t\t\t\t\t\t\t<p>guia rotas do brasil<\/p>\t\t\t\t\t\t\t\t<\/div>\n\t\t\t\t<\/div>\n\t\t\t\t<div class=\"elementor-element elementor-element-7f8646c elementor-widget elementor-widget-text-editor\" data-id=\"7f8646c\" data-element_type=\"widget\" data-e-type=\"widget\" data-widget_type=\"text-editor.default\">\n\t\t\t\t<div class=\"elementor-widget-container\">\n\t\t\t\t\t\t\t\t\t<p>O Guia Rotas do Brasil \u00e9 uma plataforma digital criada para conectar turistas, cidades e neg\u00f3cios locais de forma simples, organizada e confi\u00e1vel.<\/p><p>Nosso objetivo \u00e9 facilitar a descoberta de destinos, atrativos e experi\u00eancias reais, reunindo informa\u00e7\u00f5es estruturadas que ajudam o visitante a decidir para onde ir, o que fazer e onde aproveitar melhor cada momento da viagem.<\/p><p>Mais do que um site, somos um sistema pensado para tornar o turismo mais acess\u00edvel, claro e funcional, valorizando o que cada cidade tem de melhor.<\/p>\t\t\t\t\t\t\t\t<\/div>\n\t\t\t\t<\/div>\n\t\t\t\t<div class=\"elementor-element elementor-element-26e046d elementor-widget elementor-widget-text-editor\" data-id=\"26e046d\" data-element_type=\"widget\" data-e-type=\"widget\" data-widget_type=\"text-editor.default\">\n\t\t\t\t<div class=\"elementor-widget-container\">\n\t\t\t\t\t\t\t\t\t<p>o que nos move<\/p>\t\t\t\t\t\t\t\t<\/div>\n\t\t\t\t<\/div>\n\t\t\t\t<div class=\"elementor-element elementor-element-9c77a81 elementor-widget elementor-widget-text-editor\" data-id=\"9c77a81\" data-element_type=\"widget\" data-e-type=\"widget\" data-widget_type=\"text-editor.default\">\n\t\t\t\t<div class=\"elementor-widget-container\">\n\t\t\t\t\t\t\t\t\t<p data-start=\"215\" data-end=\"329\">Acreditamos que o Brasil tem um enorme potencial tur\u00edstico, ainda pouco explorado e muitas vezes mal organizado.<\/p><p data-start=\"331\" data-end=\"467\">Muitas cidades, especialmente as menores, possuem atrativos incr\u00edveis, mas n\u00e3o contam com estrutura para divulgar o que t\u00eam de melhor.<\/p><p data-start=\"469\" data-end=\"667\">\u00c9 a\u00ed que atuamos: organizando e apresentando essas informa\u00e7\u00f5es de forma clara, estruturada e sempre que poss\u00edvel verificada, aproximando o turista de destinos que ainda esperam para ser descobertos.<\/p>\t\t\t\t\t\t\t\t<\/div>\n\t\t\t\t<\/div>\n\t\t\t\t<\/div>\n\t\t\t\t\t<\/div>\n\t\t\t\t<\/div>\n\t\t<div class=\"elementor-element elementor-element-bc71675 e-flex e-con-boxed e-con e-parent\" data-id=\"bc71675\" data-element_type=\"container\" data-e-type=\"container\" data-settings=\"{&quot;background_background&quot;:&quot;classic&quot;}\">\n\t\t\t\t\t<div class=\"e-con-inner\">\n\t\t<div class=\"elementor-element elementor-element-c148f67 e-con-full e-flex e-con e-child\" data-id=\"c148f67\" data-element_type=\"container\" data-e-type=\"container\" data-settings=\"{&quot;background_background&quot;:&quot;classic&quot;}\">\n\t\t\t\t<div class=\"elementor-element elementor-element-35be44a elementor-widget elementor-widget-text-editor\" data-id=\"35be44a\" data-element_type=\"widget\" data-e-type=\"widget\" data-widget_type=\"text-editor.default\">\n\t\t\t\t<div class=\"elementor-widget-container\">\n\t\t\t\t\t\t\t\t\t<p>MISS\u00c3O<\/p>\t\t\t\t\t\t\t\t<\/div>\n\t\t\t\t<\/div>\n\t\t\t\t<div class=\"elementor-element elementor-element-f2ee421 elementor-widget elementor-widget-text-editor\" data-id=\"f2ee421\" data-element_type=\"widget\" data-e-type=\"widget\" data-widget_type=\"text-editor.default\">\n\t\t\t\t<div class=\"elementor-widget-container\">\n\t\t\t\t\t\t\t\t\t<p>Facilitar a experi\u00eancia do turista por meio de informa\u00e7\u00f5es organizadas e confi\u00e1veis, conectando cidades, atrativos e neg\u00f3cios locais de forma simples e eficiente, inclusive em regi\u00f5es com menor visibilidade tur\u00edstica.<\/p>\t\t\t\t\t\t\t\t<\/div>\n\t\t\t\t<\/div>\n\t\t\t\t<div class=\"elementor-element elementor-element-6c91803 elementor-widget-divider--view-line elementor-widget elementor-widget-divider\" data-id=\"6c91803\" data-element_type=\"widget\" data-e-type=\"widget\" data-widget_type=\"divider.default\">\n\t\t\t\t<div class=\"elementor-widget-container\">\n\t\t\t\t\t\t\t<div class=\"elementor-divider\">\n\t\t\t<span class=\"elementor-divider-separator\">\n\t\t\t\t\t\t<\/span>\n\t\t<\/div>\n\t\t\t\t\t\t<\/div>\n\t\t\t\t<\/div>\n\t\t\t\t<div class=\"elementor-element elementor-element-54f85a7 elementor-widget elementor-widget-text-editor\" data-id=\"54f85a7\" data-element_type=\"widget\" data-e-type=\"widget\" data-widget_type=\"text-editor.default\">\n\t\t\t\t<div class=\"elementor-widget-container\">\n\t\t\t\t\t\t\t\t\t<p>VIS\u00c3O<\/p>\t\t\t\t\t\t\t\t<\/div>\n\t\t\t\t<\/div>\n\t\t\t\t<div class=\"elementor-element elementor-element-db24da4 elementor-widget elementor-widget-text-editor\" data-id=\"db24da4\" data-element_type=\"widget\" data-e-type=\"widget\" data-widget_type=\"text-editor.default\">\n\t\t\t\t<div class=\"elementor-widget-container\">\n\t\t\t\t\t\t\t\t\t<p>Ser uma refer\u00eancia nacional em turismo digital estruturado, ajudando a revelar destinos ainda pouco explorados e contribuindo para o desenvolvimento das cidades brasileiras.<\/p>\t\t\t\t\t\t\t\t<\/div>\n\t\t\t\t<\/div>\n\t\t\t\t<\/div>\n\t\t\t\t\t<\/div>\n\t\t\t\t<\/div>\n\t\t<div class=\"elementor-element elementor-element-d228c9f e-flex e-con-boxed e-con e-parent\" data-id=\"d228c9f\" data-element_type=\"container\" data-e-type=\"container\" data-settings=\"{&quot;background_background&quot;:&quot;classic&quot;}\">\n\t\t\t\t\t<div class=\"e-con-inner\">\n\t\t<div class=\"elementor-element elementor-element-d31f6cc e-con-full e-flex e-con e-child\" data-id=\"d31f6cc\" data-element_type=\"container\" data-e-type=\"container\" data-settings=\"{&quot;background_background&quot;:&quot;classic&quot;}\">\n\t\t\t\t<div class=\"elementor-element elementor-element-bffa247 elementor-widget elementor-widget-text-editor\" data-id=\"bffa247\" data-element_type=\"widget\" data-e-type=\"widget\" data-widget_type=\"text-editor.default\">\n\t\t\t\t<div class=\"elementor-widget-container\">\n\t\t\t\t\t\t\t\t\t<p>VALORES<\/p>\t\t\t\t\t\t\t\t<\/div>\n\t\t\t\t<\/div>\n\t\t\t\t<div class=\"elementor-element elementor-element-182574a elementor-widget elementor-widget-text-editor\" data-id=\"182574a\" data-element_type=\"widget\" data-e-type=\"widget\" data-widget_type=\"text-editor.default\">\n\t\t\t\t<div class=\"elementor-widget-container\">\n\t\t\t\t\t\t\t\t\t<p><strong>Sustentabilidade<\/strong><br \/>Promover o turismo digital, reduzindo o uso de materiais f\u00edsicos e incentivando pr\u00e1ticas que valorizem o meio ambiente e o desenvolvimento local.<\/p>\t\t\t\t\t\t\t\t<\/div>\n\t\t\t\t<\/div>\n\t\t\t\t<div class=\"elementor-element elementor-element-3b73a75 elementor-widget elementor-widget-text-editor\" data-id=\"3b73a75\" data-element_type=\"widget\" data-e-type=\"widget\" data-widget_type=\"text-editor.default\">\n\t\t\t\t<div class=\"elementor-widget-container\">\n\t\t\t\t\t\t\t\t\t<p><strong>Valoriza\u00e7\u00e3o local<\/strong><br \/>Apoiar neg\u00f3cios e comunidades, fortalecendo a economia regional e destacando o que h\u00e1 de aut\u00eantico em cada destino \u2014 especialmente nas cidades com menor visibilidade.<\/p>\t\t\t\t\t\t\t\t<\/div>\n\t\t\t\t<\/div>\n\t\t\t\t<div class=\"elementor-element elementor-element-8d3a24e elementor-widget elementor-widget-text-editor\" data-id=\"8d3a24e\" data-element_type=\"widget\" data-e-type=\"widget\" data-widget_type=\"text-editor.default\">\n\t\t\t\t<div class=\"elementor-widget-container\">\n\t\t\t\t\t\t\t\t\t<p><strong>Clareza e utilidade<\/strong><br \/>Oferecer informa\u00e7\u00f5es organizadas, pr\u00e1ticas e confi\u00e1veis, que realmente ajudem o turista na tomada de decis\u00e3o.<\/p>\t\t\t\t\t\t\t\t<\/div>\n\t\t\t\t<\/div>\n\t\t\t\t<div class=\"elementor-element elementor-element-2fcdc6e elementor-widget elementor-widget-text-editor\" data-id=\"2fcdc6e\" data-element_type=\"widget\" data-e-type=\"widget\" data-widget_type=\"text-editor.default\">\n\t\t\t\t<div class=\"elementor-widget-container\">\n\t\t\t\t\t\t\t\t\t<p><strong>Transpar\u00eancia<\/strong><br \/>Manter a confian\u00e7a do usu\u00e1rio por meio de informa\u00e7\u00f5es claras, verificadas e bem estruturadas.<\/p>\t\t\t\t\t\t\t\t<\/div>\n\t\t\t\t<\/div>\n\t\t\t\t<div class=\"elementor-element elementor-element-67a0a93 elementor-widget elementor-widget-text-editor\" data-id=\"67a0a93\" data-element_type=\"widget\" data-e-type=\"widget\" data-widget_type=\"text-editor.default\">\n\t\t\t\t<div class=\"elementor-widget-container\">\n\t\t\t\t\t\t\t\t\t<p><strong>Evolu\u00e7\u00e3o cont\u00ednua<\/strong><br \/>Aprimorar constantemente o sistema, buscando sempre melhorar a experi\u00eancia do usu\u00e1rio e a qualidade das informa\u00e7\u00f5es.<\/p>\t\t\t\t\t\t\t\t<\/div>\n\t\t\t\t<\/div>\n\t\t\t\t<\/div>\n\t\t\t\t\t<\/div>\n\t\t\t\t<\/div>\n\t\t<div class=\"elementor-element elementor-element-11ae871 e-flex e-con-boxed e-con e-parent\" data-id=\"11ae871\" data-element_type=\"container\" data-e-type=\"container\" data-settings=\"{&quot;background_background&quot;:&quot;classic&quot;}\">\n\t\t\t\t\t<div class=\"e-con-inner\">\n\t\t<div class=\"elementor-element elementor-element-b4de189 e-con-full e-flex e-con e-child\" data-id=\"b4de189\" data-element_type=\"container\" data-e-type=\"container\" data-settings=\"{&quot;background_background&quot;:&quot;classic&quot;}\">\n\t\t\t\t<div class=\"elementor-element elementor-element-6292b0c elementor-widget elementor-widget-text-editor\" data-id=\"6292b0c\" data-element_type=\"widget\" data-e-type=\"widget\" data-widget_type=\"text-editor.default\">\n\t\t\t\t<div class=\"elementor-widget-container\">\n\t\t\t\t\t\t\t\t\t<p><em>O Guia Rotas do Brasil existe para facilitar sua jornada e revelar destinos que merecem ser descobertos.<\/em><\/p>\t\t\t\t\t\t\t\t<\/div>\n\t\t\t\t<\/div>\n\t\t\t\t<\/div>\n\t\t\t\t\t<\/div>\n\t\t\t\t<\/div>\n\t\t\t\t<\/div>\n\t\t","protected":false},"excerpt":{"rendered":"<p>Sobre o Guia Nosso prop\u00f3sito Desbravar novos caminhos no turismo brasileiro, conectando o turista a experi\u00eancias reais e ajudando cidades a se posicionarem de forma clara, acess\u00edvel e atrativa. Nosso compromisso Conectar pessoas a experi\u00eancias reais, fortalecer o com\u00e9rcio local e contribuir para um turismo mais sustent\u00e1vel, organizado e acess\u00edvel. sobre o guia rotas do [&hellip;]<\/p>\n","protected":false},"author":13,"featured_media":0,"parent":0,"menu_order":0,"comment_status":"closed","ping_status":"closed","template":"elementor_header_footer","meta":{"footnotes":""},"folder":[],"class_list":["post-2710","page","type-page","status-publish","hentry"],"_links":{"self":[{"href":"https:\/\/guiarotasdobrasil.com.br\/new\/wp-json\/wp\/v2\/pages\/2710","targetHints":{"allow":["GET"]}}],"collection":[{"href":"https:\/\/guiarotasdobrasil.com.br\/new\/wp-json\/wp\/v2\/pages"}],"about":[{"href":"https:\/\/guiarotasdobrasil.com.br\/new\/wp-json\/wp\/v2\/types\/page"}],"author":[{"embeddable":true,"href":"https:\/\/guiarotasdobrasil.com.br\/new\/wp-json\/wp\/v2\/users\/13"}],"replies":[{"embeddable":true,"href":"https:\/\/guiarotasdobrasil.com.br\/new\/wp-json\/wp\/v2\/comments?post=2710"}],"version-history":[{"count":26,"href":"https:\/\/guiarotasdobrasil.com.br\/new\/wp-json\/wp\/v2\/pages\/2710\/revisions"}],"predecessor-version":[{"id":3382,"href":"https:\/\/guiarotasdobrasil.com.br\/new\/wp-json\/wp\/v2\/pages\/2710\/revisions\/3382"}],"wp:attachment":[{"href":"https:\/\/guiarotasdobrasil.com.br\/new\/wp-json\/wp\/v2\/media?parent=2710"}],"wp:term":[{"taxonomy":"folder","embeddable":true,"href":"https:\/\/guiarotasdobrasil.com.br\/new\/wp-json\/wp\/v2\/folder?post=2710"}],"curies":[{"name":"wp","href":"https:\/\/api.w.org\/{rel}","templated":true}]}}